{"id":30,"date":"2025-03-21T00:14:04","date_gmt":"2025-03-21T00:14:04","guid":{"rendered":"https:\/\/classicluxexperience.com\/area-de-servicio\/"},"modified":"2025-03-26T17:38:58","modified_gmt":"2025-03-26T17:38:58","slug":"area-de-servicio","status":"publish","type":"page","link":"https:\/\/classicluxexperience.com\/en\/area-de-servicio\/","title":{"rendered":"\u00c1rea de servicio"},"content":{"rendered":"<div class=\"wp-block-group alignfull has-foreground-background-color has-background has-global-padding is-layout-constrained wp-block-group-is-layout-constrained\" style=\"margin-top:0;margin-bottom:0;padding-top:0;padding-bottom:0\">\n<div class=\"wp-block-group alignwide has-global-padding is-layout-constrained wp-block-group-is-layout-constrained\" style=\"padding-top:var(--wp--preset--spacing--30);padding-bottom:var(--wp--preset--spacing--30)\">\n<h1 class=\"wp-block-heading alignwide has-background-color has-text-color\" style=\"font-size:clamp(0.875rem, 0.875rem + ((1vw - 0.2rem) * 0.625), 1.25rem);\">\u00c1rea de servicio<\/h1>\n<\/div>\n<\/div>\n\n\n\n<div class=\"wp-block-group alignfull has-tertiary-background-color has-background has-global-padding is-layout-constrained wp-container-core-group-is-layout-fb85e995 wp-block-group-is-layout-constrained\" id=\"area-de-servicio\" style=\"margin-top:0;margin-bottom:0;padding-top:var(--wp--preset--spacing--60);padding-right:var(--wp--preset--spacing--30);padding-bottom:var(--wp--preset--spacing--60);padding-left:var(--wp--preset--spacing--30)\">\n<div class=\"wp-block-group alignwide is-vertical is-layout-flex wp-container-core-group-is-layout-fe9cc265 wp-block-group-is-layout-flex\">\n<div class=\"wp-block-group alignwide has-global-padding is-content-justification-left is-layout-constrained wp-container-core-group-is-layout-8b4c372c wp-block-group-is-layout-constrained\">\n<h2 class=\"wp-block-heading\">Tu D\u00eda Especial con Lujo y Sofisticaci\u00f3n<\/h2>\n\n\n\n<p class=\"has-medium-font-size\" style=\"margin-top:16px\">Explora las \u00e1reas exclusivas donde ofrecemos nuestros servicios de lujo.<\/p>\n<\/div>\n<\/div>\n\n\n\n<div class=\"wp-block-columns alignwide is-layout-flex wp-container-core-columns-is-layout-5b525043 wp-block-columns-is-layout-flex\">\n<div class=\"wp-block-column is-layout-flow wp-container-core-column-is-layout-8a368f38 wp-block-column-is-layout-flow\">\n<div class=\"wp-block-group has-background-background-color has-background has-global-padding is-layout-constrained wp-container-core-group-is-layout-d4c84382 wp-block-group-is-layout-constrained\" style=\"border-radius:1.5rem;padding-top:1.5rem;padding-right:1.5rem;padding-bottom:2rem;padding-left:1.5rem\">\n<figure class=\"wp-block-image size-full is-resized has-custom-border\"><img loading=\"lazy\" decoding=\"async\" width=\"1009\" height=\"673\" src=\"https:\/\/classicluxexperience.com\/wp-content\/uploads\/2025\/03\/SF.jpg\" alt=\"\" class=\"wp-image-156\" style=\"border-radius:1.5rem;aspect-ratio:1.7777777777777777;object-fit:cover;width:576px;height:auto\" srcset=\"https:\/\/classicluxexperience.com\/wp-content\/uploads\/2025\/03\/SF.jpg 1009w, https:\/\/classicluxexperience.com\/wp-content\/uploads\/2025\/03\/SF-300x200.jpg 300w, https:\/\/classicluxexperience.com\/wp-content\/uploads\/2025\/03\/SF-768x512.jpg 768w, https:\/\/classicluxexperience.com\/wp-content\/uploads\/2025\/03\/SF-600x400.jpg 600w\" sizes=\"auto, (max-width: 1009px) 100vw, 1009px\" \/><\/figure>\n\n\n\n<h4 class=\"wp-block-heading\" style=\"font-size:clamp(15.747px, 0.984rem + ((1vw - 3.2px) * 0.86), 24px);\">Barcelona Centro<\/h4>\n\n\n\n<p class=\"has-small-font-size\" style=\"margin-top:8px\">Ideal para bodas en el coraz\u00f3n de la ciudad con un toque elegante.<\/p>\n<\/div>\n<\/div>\n\n\n\n<div class=\"wp-block-column is-layout-flow wp-container-core-column-is-layout-8a368f38 wp-block-column-is-layout-flow\">\n<div class=\"wp-block-group has-background-background-color has-background has-global-padding is-layout-constrained wp-container-core-group-is-layout-d4c84382 wp-block-group-is-layout-constrained\" style=\"border-radius:1.5rem;padding-top:1.5rem;padding-right:1.5rem;padding-bottom:2rem;padding-left:1.5rem\">\n<figure class=\"wp-block-image size-large has-custom-border\"><img loading=\"lazy\" decoding=\"async\" width=\"1024\" height=\"605\" src=\"https:\/\/classicluxexperience.com\/wp-content\/uploads\/2025\/03\/istock-1370545059-1024x605.jpeg\" alt=\"\" class=\"wp-image-158\" style=\"border-radius:1.5rem;aspect-ratio:16\/9;object-fit:cover\" srcset=\"https:\/\/classicluxexperience.com\/wp-content\/uploads\/2025\/03\/istock-1370545059-1024x605.jpeg 1024w, https:\/\/classicluxexperience.com\/wp-content\/uploads\/2025\/03\/istock-1370545059-300x177.jpeg 300w, https:\/\/classicluxexperience.com\/wp-content\/uploads\/2025\/03\/istock-1370545059-768x454.jpeg 768w, https:\/\/classicluxexperience.com\/wp-content\/uploads\/2025\/03\/istock-1370545059-1536x908.jpeg 1536w, https:\/\/classicluxexperience.com\/wp-content\/uploads\/2025\/03\/istock-1370545059-2048x1211.jpeg 2048w, https:\/\/classicluxexperience.com\/wp-content\/uploads\/2025\/03\/istock-1370545059-600x355.jpeg 600w\" sizes=\"auto, (max-width: 1024px) 100vw, 1024px\" \/><\/figure>\n\n\n\n<h4 class=\"wp-block-heading\" style=\"font-size:clamp(15.747px, 0.984rem + ((1vw - 3.2px) * 0.86), 24px);\">Maresme<\/h4>\n\n\n\n<p class=\"has-small-font-size\" style=\"margin-top:8px\">Descubre opciones de transporte de lujo para bodas \u00fanicas en esta zona.<\/p>\n<\/div>\n<\/div>\n<\/div>\n\n\n\n<div class=\"wp-block-columns alignwide is-layout-flex wp-container-core-columns-is-layout-5b525043 wp-block-columns-is-layout-flex\">\n<div class=\"wp-block-column is-layout-flow wp-container-core-column-is-layout-8a368f38 wp-block-column-is-layout-flow\">\n<div class=\"wp-block-group has-background-background-color has-background has-global-padding is-layout-constrained wp-container-core-group-is-layout-d4c84382 wp-block-group-is-layout-constrained\" style=\"border-radius:1.5rem;padding-top:1.5rem;padding-right:1.5rem;padding-bottom:2rem;padding-left:1.5rem\">\n<figure class=\"wp-block-image size-full has-custom-border\"><img loading=\"lazy\" decoding=\"async\" width=\"600\" height=\"338\" src=\"https:\/\/classicluxexperience.com\/wp-content\/uploads\/2025\/03\/68bb5-Blanes4.jpg\" alt=\"\" class=\"wp-image-159\" style=\"border-radius:1.5rem;aspect-ratio:16\/9;object-fit:cover\" srcset=\"https:\/\/classicluxexperience.com\/wp-content\/uploads\/2025\/03\/68bb5-Blanes4.jpg 600w, https:\/\/classicluxexperience.com\/wp-content\/uploads\/2025\/03\/68bb5-Blanes4-300x169.jpg 300w\" sizes=\"auto, (max-width: 600px) 100vw, 600px\" \/><\/figure>\n\n\n\n<h4 class=\"wp-block-heading\" style=\"font-size:clamp(15.747px, 0.984rem + ((1vw - 3.2px) * 0.86), 24px);\">Blanes <\/h4>\n\n\n\n<p class=\"has-small-font-size\" style=\"margin-top:8px\">Aqu\u00ed garantizamos un servicio exclusivo que har\u00e1 tu d\u00eda inolvidable.<\/p>\n<\/div>\n<\/div>\n\n\n\n<div class=\"wp-block-column is-layout-flow wp-container-core-column-is-layout-8a368f38 wp-block-column-is-layout-flow\">\n<div class=\"wp-block-group has-background-background-color has-background has-global-padding is-layout-constrained wp-container-core-group-is-layout-d4c84382 wp-block-group-is-layout-constrained\" style=\"border-radius:1.5rem;padding-top:1.5rem;padding-right:1.5rem;padding-bottom:2rem;padding-left:1.5rem\">\n<figure class=\"wp-block-image size-full has-custom-border\"><img loading=\"lazy\" decoding=\"async\" width=\"1920\" height=\"864\" src=\"https:\/\/classicluxexperience.com\/wp-content\/uploads\/2025\/03\/palafrugell-girona-s144973225.avif\" alt=\"\" class=\"wp-image-160\" style=\"border-radius:1.5rem;aspect-ratio:16\/9;object-fit:cover\"\/><\/figure>\n\n\n\n<h4 class=\"wp-block-heading\" style=\"font-size:clamp(15.747px, 0.984rem + ((1vw - 3.2px) * 0.86), 24px);\">Costa Brava<\/h4>\n\n\n\n<p class=\"has-small-font-size\" style=\"margin-top:8px\">Especialistas en crear experiencias memorables con coches de lujo.<\/p>\n<\/div>\n<\/div>\n<\/div>\n<\/div>\n\n\n\n<div class=\"wp-block-group alignfull has-tertiary-background-color has-background has-global-padding is-layout-constrained wp-container-core-group-is-layout-7276a2bb wp-block-group-is-layout-constrained\" style=\"margin-top:0;margin-bottom:0;padding-top:var(--wp--preset--spacing--60);padding-right:var(--wp--preset--spacing--30);padding-bottom:var(--wp--preset--spacing--60);padding-left:var(--wp--preset--spacing--30)\">\n<div class=\"wp-block-group alignwide has-background-background-color has-background is-content-justification-space-between is-layout-flex wp-container-core-group-is-layout-4be20cc5 wp-block-group-is-layout-flex\" style=\"border-radius:1rem;padding-top:var(--wp--preset--spacing--50);padding-right:var(--wp--preset--spacing--50);padding-bottom:var(--wp--preset--spacing--50);padding-left:var(--wp--preset--spacing--50)\">\n<div class=\"wp-block-group has-global-padding is-layout-constrained wp-block-group-is-layout-constrained\">\n<h2 class=\"wp-block-heading has-large-font-size\">Elige Elegancia para Tu D\u00eda Especial<\/h2>\n\n\n\n<p style=\"margin-top:16px\">Descubre c\u00f3mo nuestros coches de lujo transforman tu boda en una experiencia inolvidable.<\/p>\n<\/div>\n\n\n\n<div class=\"wp-block-buttons is-content-justification-left is-layout-flex wp-container-core-buttons-is-layout-82056a45 wp-block-buttons-is-layout-flex\">\n<div class=\"wp-block-button\"><a class=\"wp-block-button__link wp-element-button\" href=\"https:\/\/classicluxexperience.com\/en\/servicios\/\">Conoce m\u00e1s<\/a><\/div>\n<\/div>\n<\/div>\n<\/div>","protected":false},"excerpt":{"rendered":"<p>\u00c1rea de servicio Tu D\u00eda Especial con Lujo y Sofisticaci\u00f3n Explora las \u00e1reas exclusivas donde ofrecemos nuestros servicios de lujo. Barcelona Centro Ideal para bodas en el coraz\u00f3n de la [&hellip;]<\/p>\n","protected":false},"author":1,"featured_media":0,"parent":0,"menu_order":0,"comment_status":"closed","ping_status":"closed","template":"no-title","meta":{"_price":"","_stock":"","_tribe_ticket_header":"","_tribe_default_ticket_provider":"","_tribe_ticket_capacity":"0","_ticket_start_date":"","_ticket_end_date":"","_tribe_ticket_show_description":"","_tribe_ticket_show_not_going":false,"_tribe_ticket_use_global_stock":"","_tribe_ticket_global_stock_level":"","_global_stock_mode":"","_global_stock_cap":"","_tribe_rsvp_for_event":"","_tribe_ticket_going_count":"","_tribe_ticket_not_going_count":"","_tribe_tickets_list":"[]","_tribe_ticket_has_attendee_info_fields":false,"_EventAllDay":false,"_EventTimezone":"","_EventStartDate":"","_EventEndDate":"","_EventStartDateUTC":"","_EventEndDateUTC":"","_EventShowMap":false,"_EventShowMapLink":false,"_EventURL":"","_EventCost":"","_EventCostDescription":"","_EventCurrencySymbol":"","_EventCurrencyCode":"","_EventCurrencyPosition":"","_EventDateTimeSeparator":"","_EventTimeRangeSeparator":"","_EventOrganizerID":[],"_EventVenueID":[],"_OrganizerEmail":"","_OrganizerPhone":"","_OrganizerWebsite":"","_VenueAddress":"","_VenueCity":"","_VenueCountry":"","_VenueProvince":"","_VenueState":"","_VenueZip":"","_VenuePhone":"","_VenueURL":"","_VenueStateProvince":"","_VenueLat":"","_VenueLng":"","_VenueShowMap":false,"_VenueShowMapLink":false,"_joinchat":[],"footnotes":"","_tec_slr_enabled":"","_tec_slr_layout":""},"class_list":["post-30","page","type-page","status-publish","hentry"],"aioseo_notices":[],"ticketed":false,"_links":{"self":[{"href":"https:\/\/classicluxexperience.com\/en\/wp-json\/wp\/v2\/pages\/30","targetHints":{"allow":["GET"]}}],"collection":[{"href":"https:\/\/classicluxexperience.com\/en\/wp-json\/wp\/v2\/pages"}],"about":[{"href":"https:\/\/classicluxexperience.com\/en\/wp-json\/wp\/v2\/types\/page"}],"author":[{"embeddable":true,"href":"https:\/\/classicluxexperience.com\/en\/wp-json\/wp\/v2\/users\/1"}],"replies":[{"embeddable":true,"href":"https:\/\/classicluxexperience.com\/en\/wp-json\/wp\/v2\/comments?post=30"}],"version-history":[{"count":5,"href":"https:\/\/classicluxexperience.com\/en\/wp-json\/wp\/v2\/pages\/30\/revisions"}],"predecessor-version":[{"id":267,"href":"https:\/\/classicluxexperience.com\/en\/wp-json\/wp\/v2\/pages\/30\/revisions\/267"}],"wp:attachment":[{"href":"https:\/\/classicluxexperience.com\/en\/wp-json\/wp\/v2\/media?parent=30"}],"curies":[{"name":"wp","href":"https:\/\/api.w.org\/{rel}","templated":true}]}}